{"id":18,"date":"2025-06-18T08:12:58","date_gmt":"2025-06-18T08:12:58","guid":{"rendered":"https:\/\/asutech.vn\/?page_id=18"},"modified":"2025-12-10T17:47:39","modified_gmt":"2025-12-10T08:47:39","slug":"services","status":"publish","type":"page","link":"https:\/\/asutech.vn\/vi\/services\/","title":{"rendered":"D\u1ecbch V\u1ee5"},"content":{"rendered":"<div class=\"wp-block-uagb-container uagb-block-b6c6af1c alignfull uagb-is-root-container\"><div class=\"uagb-container-inner-blocks-wrap\">\n<div class=\"wp-block-uagb-advanced-heading uagb-block-323b3e55\"><div class=\"uagb-separator\"><\/div><h1 class=\"uagb-heading-text\">D\u1ecbch V\u1ee5<\/h1><p class=\"uagb-desc-text\">Gi\u1ea3i ph\u00e1p n\u00e2ng t\u1ea7m doanh nghi\u1ec7p c\u1ee7a b\u1ea1n<\/p><\/div>\n<\/div><\/div>\n\n\n\n<div class=\"wp-block-uagb-container uagb-block-d3ba2f97 alignfull uagb-is-root-container\"><div class=\"uagb-container-inner-blocks-wrap\">\n<div class=\"wp-block-uagb-container uagb-block-8aa511ef\">\n<div class=\"wp-block-uagb-image uagb-block-670ae18e wp-block-uagb-image--layout-default wp-block-uagb-image--effect-static wp-block-uagb-image--align-none\"><figure class=\"wp-block-uagb-image__figure\"><img decoding=\"async\" srcset=\"https:\/\/asutech.vn\/wp-content\/uploads\/2025\/08\/Nocode-Img.jpeg ,https:\/\/asutech.vn\/wp-content\/uploads\/2025\/08\/Nocode-Img.jpeg 780w, https:\/\/asutech.vn\/wp-content\/uploads\/2025\/08\/Nocode-Img.jpeg 360w\" sizes=\"auto, (max-width: 480px) 150px\" src=\"https:\/\/asutech.vn\/wp-content\/uploads\/2025\/08\/Nocode-Img.jpeg\" alt=\"\" class=\"uag-image-766\" width=\"500\" height=\"380\" title=\"Nocode-Img\" loading=\"lazy\" role=\"img\"\/><\/figure><\/div>\n\n\n\n<div class=\"wp-block-uagb-info-box uagb-block-dfa51bfd uagb-infobox__content-wrap  uagb-infobox-icon-above-title uagb-infobox-image-valign-top\"><div class=\"uagb-ifb-content\"><div class=\"uagb-ifb-title-wrap\"><span class=\"uagb-ifb-title-prefix\">01<\/span><h2 class=\"uagb-ifb-title\">NO-CODE<\/h2><\/div><div class=\"uagb-ifb-separator\"><\/div><p class=\"uagb-ifb-desc\">Ph\u01b0\u01a1ng ph\u00e1p n\u00e0y cho ph\u00e9p b\u1ea1n x\u00e2y d\u1ef1ng c\u00e1c \u1ee9ng d\u1ee5ng v\u00e0 website ch\u1ea5t l\u01b0\u1ee3ng cao m\u1ed9t c\u00e1ch tr\u1ef1c quan, kh\u00f4ng c\u1ea7n b\u1ea5t k\u1ef3 ki\u1ebfn th\u1ee9c l\u1eadp tr\u00ecnh n\u00e0o. Nh\u1edd \u0111\u00f3, doanh nghi\u1ec7p c\u1ee7a b\u1ea1n s\u1ebd nh\u1eadn \u0111\u01b0\u1ee3c nh\u1eefng l\u1ee3i \u00edch v\u01b0\u1ee3t tr\u1ed9i sau:<br><strong>\u30fbT\u0103ng t\u1ed1c \u0111\u1ed9 ph\u00e1t tri\u1ec3n:<\/strong>\u0110\u1ea9y nhanh ti\u1ebfn \u0111\u1ed9 d\u1ef1 \u00e1n v\u1edbi t\u1ed1c \u0111\u1ed9 v\u01b0\u1ee3t tr\u1ed9i so v\u1edbi ph\u01b0\u01a1ng ph\u00e1p truy\u1ec1n th\u1ed1ng.<br><strong>\u30fbTi\u1ebft ki\u1ec7m chi ph\u00ed:<\/strong>Gi\u1ea3m thi\u1ec3u chi ph\u00ed nh\u00e2n l\u1ef1c v\u00e0 th\u1eddi gian ph\u00e1t tri\u1ec3n, mang l\u1ea1i c\u00e1c gi\u1ea3i ph\u00e1p c\u00f3 hi\u1ec7u qu\u1ea3 kinh t\u1ebf cao.<br><strong>\u30fbLinh ho\u1ea1t v\u00e0 th\u00edch \u1ee9ng nhanh:<\/strong>D\u1ec5 d\u00e0ng ch\u1ec9nh s\u1eeda ho\u1eb7c th\u00eam t\u00ednh n\u0103ng m\u1edbi sau khi ra m\u1eaft, gi\u00fap b\u1ea1n nhanh ch\u00f3ng th\u00edch \u1ee9ng v\u1edbi s\u1ef1 thay \u0111\u1ed5i c\u1ee7a th\u1ecb tr\u01b0\u1eddng.<\/p><\/div><\/div>\n<\/div>\n\n\n\n<div class=\"wp-block-uagb-container uagb-block-3b9a04be\">\n<div class=\"wp-block-uagb-image uagb-block-7a6cb859 wp-block-uagb-image--layout-default wp-block-uagb-image--effect-static wp-block-uagb-image--align-none\"><figure class=\"wp-block-uagb-image__figure\"><img decoding=\"async\" srcset=\"https:\/\/asutech.vn\/wp-content\/uploads\/2025\/06\/ConsultService2-1024x1024.jpg ,https:\/\/asutech.vn\/wp-content\/uploads\/2025\/06\/ConsultService2.jpg 780w, https:\/\/asutech.vn\/wp-content\/uploads\/2025\/06\/ConsultService2.jpg 360w\" sizes=\"auto, (max-width: 480px) 150px\" src=\"https:\/\/asutech.vn\/wp-content\/uploads\/2025\/06\/ConsultService2-1024x1024.jpg\" alt=\"\" class=\"uag-image-555\" width=\"500\" height=\"380\" title=\"ConsultService2\" loading=\"lazy\" role=\"img\"\/><\/figure><\/div>\n\n\n\n<div class=\"wp-block-uagb-info-box uagb-block-c318c808 uagb-infobox__content-wrap  uagb-infobox-icon-above-title uagb-infobox-image-valign-top\"><div class=\"uagb-ifb-content\"><div class=\"uagb-ifb-title-wrap\"><span class=\"uagb-ifb-title-prefix\">02<\/span><h2 class=\"uagb-ifb-title\">T\u01b0 v\u1ea5n gi\u1ea3i ph\u00e1p<\/h2><\/div><div class=\"uagb-ifb-separator\"><\/div><p class=\"uagb-ifb-desc\">Trong d\u1ecbch v\u1ee5 t\u01b0 v\u1ea5n c\u1ee7a ch\u00fang t\u00f4i, AsuTech ph\u00e2n t\u00edch to\u00e0n di\u1ec7n quy tr\u00ecnh kinh doanh nh\u1eb1m \u0111\u1ec1 xu\u1ea5t c\u00e1c gi\u1ea3i ph\u00e1p gi\u00fap t\u1ed1i \u0111a h\u00f3a gi\u00e1 tr\u1ecb mang l\u1ea1i cho doanh nghi\u1ec7p.\nCh\u00fang t\u00f4i \u0111\u00e1nh gi\u00e1 ch\u00ednh x\u00e1c c\u00e1c c\u00f4ng ngh\u1ec7 v\u00e0 c\u00f4ng c\u1ee5 c\u1ea7n thi\u1ebft, k\u1ebft h\u1ee3p v\u1edbi chuy\u00ean m\u00f4n s\u00e2u \u0111\u1ec3 h\u1ed7 tr\u1ee3 kh\u00e1ch h\u00e0ng \u0111\u1ea1t \u0111\u01b0\u1ee3c m\u1ee5c ti\u00eau m\u1ed9t c\u00e1ch hi\u1ec7u qu\u1ea3 nh\u1ea5t.<\/p><\/div><\/div>\n<\/div>\n\n\n\n<div class=\"wp-block-uagb-container uagb-block-0882eef6\">\n<div class=\"wp-block-uagb-image uagb-block-9a36b508 wp-block-uagb-image--layout-default wp-block-uagb-image--effect-static wp-block-uagb-image--align-none\"><figure class=\"wp-block-uagb-image__figure\"><img decoding=\"async\" srcset=\"https:\/\/asutech.vn\/wp-content\/uploads\/2025\/06\/DevelopServices2-1024x1024.jpg ,https:\/\/asutech.vn\/wp-content\/uploads\/2025\/06\/DevelopServices2.jpg 780w, https:\/\/asutech.vn\/wp-content\/uploads\/2025\/06\/DevelopServices2.jpg 360w\" sizes=\"auto, (max-width: 480px) 150px\" src=\"https:\/\/asutech.vn\/wp-content\/uploads\/2025\/06\/DevelopServices2-1024x1024.jpg\" alt=\"\" class=\"uag-image-557\" width=\"500\" height=\"380\" title=\"DevelopServices2\" loading=\"lazy\" role=\"img\"\/><\/figure><\/div>\n\n\n\n<div class=\"wp-block-uagb-info-box uagb-block-2f2beea1 uagb-infobox__content-wrap  uagb-infobox-icon-above-title uagb-infobox-image-valign-top\"><div class=\"uagb-ifb-content\"><div class=\"uagb-ifb-title-wrap\"><span class=\"uagb-ifb-title-prefix\">03<\/span><h2 class=\"uagb-ifb-title\">Ph\u00e1t tri\u1ec3n h\u1ec7 th\u1ed1ng<\/h2><\/div><div class=\"uagb-ifb-separator\"><\/div><p class=\"uagb-ifb-desc\">Trong d\u1ecbch v\u1ee5 ph\u00e1t tri\u1ec3n h\u1ec7 th\u1ed1ng, ch\u00fang t\u00f4i cung c\u1ea5p gi\u1ea3i ph\u00e1p t\u00f9y ch\u1ec9nh d\u1ef1a tr\u00ean y\u00eau c\u1ea7u c\u1ee5 th\u1ec3 c\u1ee7a kh\u00e1ch h\u00e0ng.\nT\u1eeb thi\u1ebft k\u1ebf UI\/UX, l\u1eadp tr\u00ecnh cho \u0111\u1ebfn t\u00edch h\u1ee3p h\u1ec7 th\u1ed1ng, AsuTech h\u1ed7 tr\u1ee3 to\u00e0n di\u1ec7n to\u00e0n b\u1ed9 quy tr\u00ecnh, nh\u1eb1m x\u00e2y d\u1ef1ng c\u00e1c h\u1ec7 th\u1ed1ng v\u01b0\u1ee3t tr\u00ean mong \u0111\u1ee3i c\u1ee7a kh\u00e1ch h\u00e0ng.<\/p><\/div><\/div>\n<\/div>\n\n\n\n<div class=\"wp-block-uagb-container uagb-block-1a6408c5\">\n<div class=\"wp-block-uagb-image uagb-block-a4e98c1f wp-block-uagb-image--layout-default wp-block-uagb-image--effect-static wp-block-uagb-image--align-none\"><figure class=\"wp-block-uagb-image__figure\"><img decoding=\"async\" srcset=\"https:\/\/asutech.vn\/wp-content\/uploads\/2025\/06\/UnyohoshuService-1024x1024.jpg ,https:\/\/asutech.vn\/wp-content\/uploads\/2025\/06\/UnyohoshuService.jpg 780w, https:\/\/asutech.vn\/wp-content\/uploads\/2025\/06\/UnyohoshuService.jpg 360w\" sizes=\"auto, (max-width: 480px) 150px\" src=\"https:\/\/asutech.vn\/wp-content\/uploads\/2025\/06\/UnyohoshuService-1024x1024.jpg\" alt=\"\" class=\"uag-image-563\" width=\"500\" height=\"380\" title=\"UnyohoshuService\" loading=\"lazy\" role=\"img\"\/><\/figure><\/div>\n\n\n\n<div class=\"wp-block-uagb-info-box uagb-block-4b7e7cf8 uagb-infobox__content-wrap  uagb-infobox-icon-above-title uagb-infobox-image-valign-top\"><div class=\"uagb-ifb-content\"><div class=\"uagb-ifb-title-wrap\"><span class=\"uagb-ifb-title-prefix\">04<\/span><h2 class=\"uagb-ifb-title\">B\u1ea3o tr\u00ec &amp; C\u1ea3i ti\u1ebfn<\/h2><\/div><div class=\"uagb-ifb-separator\"><\/div><p class=\"uagb-ifb-desc\">Trong d\u1ecbch v\u1ee5 b\u1ea3o tr\u00ec v\u00e0 c\u1ea3i ti\u1ebfn, ch\u00fang t\u00f4i gi\u00fap t\u1ed1i \u01b0u h\u00f3a qu\u00e1 tr\u00ecnh v\u1eadn h\u00e0nh h\u1ec7 th\u1ed1ng v\u00e0 li\u00ean t\u1ee5c c\u1eadp nh\u1eadt c\u00e1c c\u00f4ng ngh\u1ec7 m\u1edbi nh\u1ea5t.\nAsuTech lu\u00f4n ch\u00fa tr\u1ecdng x\u00e2y d\u1ef1ng m\u1ed1i quan h\u1ec7 tin c\u1eady v\u1edbi kh\u00e1ch h\u00e0ng, \u0111\u1ed3ng th\u1eddi n\u00e2ng c\u1ea5p t\u00ednh n\u0103ng khi c\u1ea7n thi\u1ebft, h\u1ed7 tr\u1ee3 doanh nghi\u1ec7p ph\u00e1t tri\u1ec3n b\u1ec1n v\u1eefng trong d\u00e0i h\u1ea1n.<\/p><\/div><\/div>\n<\/div>\n\n\n\n<div class=\"wp-block-uagb-container uagb-block-4c354b31\">\n<div class=\"wp-block-uagb-image uagb-block-97eefb4c wp-block-uagb-image--layout-default wp-block-uagb-image--effect-static wp-block-uagb-image--align-none\"><figure class=\"wp-block-uagb-image__figure\"><img decoding=\"async\" srcset=\"https:\/\/asutech.vn\/wp-content\/uploads\/2025\/06\/TrainingService3-1024x1024.jpeg ,https:\/\/asutech.vn\/wp-content\/uploads\/2025\/06\/TrainingService3.jpeg 780w, https:\/\/asutech.vn\/wp-content\/uploads\/2025\/06\/TrainingService3.jpeg 360w\" sizes=\"auto, (max-width: 480px) 150px\" src=\"https:\/\/asutech.vn\/wp-content\/uploads\/2025\/06\/TrainingService3-1024x1024.jpeg\" alt=\"\" class=\"uag-image-561\" width=\"500\" height=\"380\" title=\"TrainingService3\" loading=\"lazy\" role=\"img\"\/><\/figure><\/div>\n\n\n\n<div class=\"wp-block-uagb-info-box uagb-block-be67d1aa uagb-infobox__content-wrap  uagb-infobox-icon-above-title uagb-infobox-image-valign-top\"><div class=\"uagb-ifb-content\"><div class=\"uagb-ifb-title-wrap\"><span class=\"uagb-ifb-title-prefix\">05<\/span><h2 class=\"uagb-ifb-title\">H\u1ed7 tr\u1ee3 tri\u1ec3n khai<\/h2><\/div><div class=\"uagb-ifb-separator\"><\/div><p class=\"uagb-ifb-desc\">Ch\u00fang t\u00f4i cung c\u1ea5p ch\u01b0\u01a1ng tr\u00ecnh \u0111\u00e0o t\u1ea1o gi\u00fap ng\u01b0\u1eddi d\u00f9ng s\u1eed d\u1ee5ng hi\u1ec7u qu\u1ea3 h\u1ec7 th\u1ed1ng m\u1edbi.\nTh\u00f4ng qua h\u01b0\u1edbng d\u1eabn c\u1ee5 th\u1ec3 v\u00e0 tr\u1ef1c quan, AsuTech gi\u00fap ng\u01b0\u1eddi d\u00f9ng n\u1eafm v\u1eefng c\u00e1ch v\u1eadn h\u00e0nh h\u1ec7 th\u1ed1ng, t\u1eeb \u0111\u00f3 n\u00e2ng cao hi\u1ec7u su\u1ea5t c\u00f4ng vi\u1ec7c.<\/p><\/div><\/div>\n<\/div>\n\n\n\n<div class=\"wp-block-uagb-container uagb-block-cffd8f1c\">\n<div class=\"wp-block-uagb-image uagb-block-0638263a wp-block-uagb-image--layout-default wp-block-uagb-image--effect-static wp-block-uagb-image--align-none\"><figure class=\"wp-block-uagb-image__figure\"><img decoding=\"async\" srcset=\"https:\/\/asutech.vn\/wp-content\/uploads\/2025\/06\/BPOService2-1024x1024.jpeg ,https:\/\/asutech.vn\/wp-content\/uploads\/2025\/06\/BPOService2.jpeg 780w, https:\/\/asutech.vn\/wp-content\/uploads\/2025\/06\/BPOService2.jpeg 360w\" sizes=\"auto, (max-width: 480px) 150px\" src=\"https:\/\/asutech.vn\/wp-content\/uploads\/2025\/06\/BPOService2-1024x1024.jpeg\" alt=\"\" class=\"uag-image-570\" width=\"500\" height=\"380\" title=\"BPOService2\" loading=\"lazy\" role=\"img\"\/><\/figure><\/div>\n\n\n\n<div class=\"wp-block-uagb-info-box uagb-block-023b3067 uagb-infobox__content-wrap  uagb-infobox-icon-above-title uagb-infobox-image-valign-top\"><div class=\"uagb-ifb-content\"><div class=\"uagb-ifb-title-wrap\"><span class=\"uagb-ifb-title-prefix\">06<\/span><h2 class=\"uagb-ifb-title\">D\u1ecbch v\u1ee5 BPO<\/h2><\/div><div class=\"uagb-ifb-separator\"><\/div><p class=\"uagb-ifb-desc\">BPO th\u01b0\u1eddng \u0111\u01b0\u1ee3c \u00e1p d\u1ee5ng cho c\u00e1c l\u0129nh v\u1ef1c nh\u01b0 x\u1eed l\u00fd h\u00ecnh \u1ea3nh, nh\u00e2n s\u1ef1, h\u00e0nh ch\u00ednh, k\u1ebf to\u00e1n, h\u1ec7 th\u1ed1ng th\u00f4ng tin, c\u0169ng nh\u01b0 qu\u1ea3n l\u00fd logistics v\u00e0 s\u1ea3n xu\u1ea5t \u2013 v\u1ed1n l\u00e0 nh\u1eefng c\u00f4ng vi\u1ec7c gi\u00e1n ti\u1ebfp trong doanh nghi\u1ec7p.\n\nTr\u01b0\u1edbc \u0111\u00e2y, d\u1ecbch v\u1ee5 BPO ch\u1ee7 y\u1ebfu \u0111\u01b0\u1ee3c tri\u1ec3n khai trong ph\u1ea1m vi n\u1ed9i \u0111\u1ecba Nh\u1eadt B\u1ea3n. Tuy nhi\u00ean, trong nh\u1eefng n\u0103m g\u1ea7n \u0111\u00e2y, m\u00f4 h\u00ecnh BPO offshore \u0111ang ph\u00e1t tri\u1ec3n m\u1ea1nh m\u1ebd nh\u1edd kh\u1ea3 n\u0103ng t\u1ed1i \u01b0u chi ph\u00ed nh\u00e2n c\u00f4ng, \u0111\u1eb7c bi\u1ec7t l\u00e0 t\u1ea1i Vi\u1ec7t Nam \ud83c\uddfb\ud83c\uddf3, n\u01a1i c\u00f3 ngu\u1ed3n nh\u00e2n l\u1ef1c c\u00f3 th\u1ec3 s\u1eed d\u1ee5ng ti\u1ebfng Nh\u1eadt hi\u1ec7u qu\u1ea3.\n\nNh\u1edd \u0111\u00f3, doanh nghi\u1ec7p c\u00f3 th\u1ec3 gi\u1ea3m chi ph\u00ed v\u1eadn h\u00e0nh t\u1eeb 30% \u0111\u1ebfn 50%, \u0111\u1ed3ng th\u1eddi v\u1eabn duy tr\u00ec ch\u1ea5t l\u01b0\u1ee3ng v\u00e0 hi\u1ec7u su\u1ea5t c\u00f4ng vi\u1ec7c cao.<\/p><\/div><\/div>\n\n\n\n<figure class=\"wp-block-embed is-type-video is-provider-youtube wp-block-embed-youtube wp-embed-aspect-16-9 wp-has-aspect-ratio\"><div class=\"wp-block-embed__wrapper\">\n<div class=\"ast-oembed-container\" style=\"height: 100%;\"><iframe loading=\"lazy\" title=\"ASUTech BPO\u7d39\u4ecb\u30d2\u3099\u30c6\u3099\u30aa\" width=\"500\" height=\"281\" src=\"https:\/\/www.youtube.com\/embed\/YMgTnMNOU90?feature=oembed\" frameborder=\"0\" allow=\"accelerometer; autoplay; clipboard-write; encrypted-media; gyroscope; picture-in-picture; web-share\" referrerpolicy=\"strict-origin-when-cross-origin\" allowfullscreen><\/iframe><\/div>\n<\/div><\/figure>\n<\/div>\n\n\n\n<div class=\"wp-block-uagb-container uagb-block-0c99e8e6\">\n<div class=\"wp-block-uagb-image uagb-block-c951dfdc wp-block-uagb-image--layout-default wp-block-uagb-image--effect-static wp-block-uagb-image--align-none\"><figure class=\"wp-block-uagb-image__figure\"><img decoding=\"async\" srcset=\"https:\/\/asutech.vn\/wp-content\/uploads\/2025\/06\/Gemini_Generated_Image_qzfji8qzfji8qzfj-1024x1024.jpeg ,https:\/\/asutech.vn\/wp-content\/uploads\/2025\/06\/Gemini_Generated_Image_qzfji8qzfji8qzfj.jpeg 780w, https:\/\/asutech.vn\/wp-content\/uploads\/2025\/06\/Gemini_Generated_Image_qzfji8qzfji8qzfj.jpeg 360w\" sizes=\"auto, (max-width: 480px) 150px\" src=\"https:\/\/asutech.vn\/wp-content\/uploads\/2025\/06\/Gemini_Generated_Image_qzfji8qzfji8qzfj-1024x1024.jpeg\" alt=\"\" class=\"uag-image-388\" width=\"500\" height=\"380\" title=\"Gemini_Generated_Image_qzfji8qzfji8qzfj\" loading=\"lazy\" role=\"img\"\/><\/figure><\/div>\n\n\n\n<div class=\"wp-block-uagb-info-box uagb-block-64f2634a uagb-infobox__content-wrap  uagb-infobox-icon-above-title uagb-infobox-image-valign-top\"><div class=\"uagb-ifb-content\"><div class=\"uagb-ifb-title-wrap\"><span class=\"uagb-ifb-title-prefix\">07<\/span><h2 class=\"uagb-ifb-title\">Thi\u1ebft k\u1ebf &amp; s\u1ea3n xu\u1ea5t ph\u1ea7n c\u1ee9ng<\/h2><\/div><div class=\"uagb-ifb-separator\"><\/div><p class=\"uagb-ifb-desc\">Ch\u00fang t\u00f4i l\u00e0 \u0111\u1ed9i ng\u0169 c\u00f3 h\u01a1n 15 n\u0103m kinh nghi\u1ec7m trong l\u0129nh v\u1ef1c nghi\u00ean c\u1ee9u, ph\u00e1t tri\u1ec3n v\u00e0 s\u1ea3n xu\u1ea5t c\u00e1c s\u1ea3n ph\u1ea9m \u0111i\u1ec7n t\u1eed c\u00f4ng ngh\u1ec7 cao nh\u01b0 smartphone, thi\u1ebft b\u1ecb nh\u00e0 th\u00f4ng minh, camera AI, v\u00e0 thi\u1ebft b\u1ecb AIoT.\n\nV\u1edbi n\u0103ng l\u1ef1c chuy\u00ean m\u00f4n v\u1ec1 thi\u1ebft k\u1ebf c\u01a1 kh\u00ed, thi\u1ebft k\u1ebf RF, h\u1ec7 \u0111i\u1ec1u h\u00e0nh v\u00e0 ph\u1ea7n m\u1ec1m nh\u00fang, ch\u00fang t\u00f4i gi\u00fap kh\u00e1ch h\u00e0ng t\u1ed1i \u01b0u h\u00f3a gi\u1ea3i ph\u00e1p, gi\u1ea3m chi ph\u00ed, v\u00e0 \u0111\u1ea9y nhanh quy tr\u00ecnh ph\u00e1t tri\u1ec3n s\u1ea3n ph\u1ea9m t\u1eeb nguy\u00ean m\u1eabu \u0111\u1ebfn s\u1ea3n xu\u1ea5t h\u00e0ng lo\u1ea1t.<\/p><\/div><\/div>\n<\/div>\n<\/div><\/div>\n\n\n\n<div class=\"wp-block-uagb-container uagb-block-466b351f alignfull uagb-is-root-container\"><div class=\"uagb-container-inner-blocks-wrap\">\n<div class=\"wp-block-uagb-advanced-heading uagb-block-a5d004a0\"><h2 class=\"uagb-heading-text\">Quy tr\u00ecnh l\u00e0m vi\u1ec7c c\u1ee7a ch\u00fang t\u00f4i<\/h2><div class=\"uagb-separator\"><\/div><\/div>\n\n\n\n<div class=\"wp-block-uagb-container uagb-block-e6163eaa\">\n<div class=\"wp-block-uagb-info-box uagb-block-5e42581f uagb-infobox__content-wrap  uagb-infobox-icon-above-title uagb-infobox-image-valign-top\"><div class=\"uagb-ifb-content\"><div class=\"uagb-ifb-title-wrap\"><span class=\"uagb-ifb-title-prefix\">01<\/span><h3 class=\"uagb-ifb-title\">Ph\u00e2n t\u00edch nhu c\u1ea7u<\/h3><\/div><p class=\"uagb-ifb-desc\">Ch\u00fang t\u00f4i b\u1eaft \u0111\u1ea7u b\u1eb1ng vi\u1ec7c ph\u00e2n t\u00edch k\u1ef9 l\u01b0\u1ee1ng nhu c\u1ea7u kinh doanh c\u1ee7a kh\u00e1ch h\u00e0ng, t\u1eeb \u0111\u00f3 \u0111\u1ec1 xu\u1ea5t gi\u1ea3i ph\u00e1p t\u1ed1i \u01b0u nh\u1ea5t.<\/p><\/div><\/div>\n\n\n\n<div class=\"wp-block-uagb-info-box uagb-block-ecab534c uagb-infobox__content-wrap  uagb-infobox-icon-above-title uagb-infobox-image-valign-top\"><div class=\"uagb-ifb-content\"><div class=\"uagb-ifb-title-wrap\"><span class=\"uagb-ifb-title-prefix\">02<\/span><h3 class=\"uagb-ifb-title\">Ph\u00e1t tri\u1ec3n h\u1ec7 th\u1ed1ng<\/h3><\/div><p class=\"uagb-ifb-desc\">D\u1ef1a tr\u00ean gi\u1ea3i ph\u00e1p \u0111\u00e3 \u0111\u1ec1 xu\u1ea5t, \u0111\u1ed9i ng\u0169 ph\u00e1t tri\u1ec3n ti\u1ebfn h\u00e0nh thi\u1ebft k\u1ebf v\u00e0 x\u00e2y d\u1ef1ng h\u1ec7 th\u1ed1ng ph\u00f9 h\u1ee3p v\u1edbi m\u1ee5c ti\u00eau \u0111\u00e3 \u0111\u1eb7t ra.<\/p><\/div><\/div>\n\n\n\n<div class=\"wp-block-uagb-info-box uagb-block-68e4a679 uagb-infobox__content-wrap  uagb-infobox-icon-above-title uagb-infobox-image-valign-top\"><div class=\"uagb-ifb-content\"><div class=\"uagb-ifb-title-wrap\"><span class=\"uagb-ifb-title-prefix\">03<\/span><h3 class=\"uagb-ifb-title\">Tri\u1ec3n khai &amp; H\u1ed7 tr\u1ee3<\/h3><\/div><p class=\"uagb-ifb-desc\">H\u1ec7 th\u1ed1ng sau khi ho\u00e0n thi\u1ec7n s\u1ebd \u0111\u01b0\u1ee3c tri\u1ec3n khai cho kh\u00e1ch h\u00e0ng, k\u00e8m theo \u0111\u00e0o t\u1ea1o v\u00e0 h\u1ed7 tr\u1ee3 v\u1eadn h\u00e0nh \u0111\u1ec3 \u0111\u1ea3m b\u1ea3o hi\u1ec7u qu\u1ea3 s\u1eed d\u1ee5ng l\u00e2u d\u00e0i.<\/p><\/div><\/div>\n<\/div>\n<\/div><\/div>\n\n\n\n<div class=\"wp-block-uagb-container uagb-block-c584b42a default uagb-is-root-container\">\n<div class=\"wp-block-uagb-info-box uagb-block-ffe5d344 uagb-infobox__content-wrap  uagb-infobox-icon-above-title uagb-infobox-image-valign-top wp-block-uagb-info-box--has-margin\"><div class=\"uagb-infobox-margin-wrapper\"><div class=\"uagb-ifb-content\"><div class=\"uagb-ifb-title-wrap\"><div class=\"uagb-ifb-separator\"><\/div><h2 class=\"uagb-ifb-title\">Li\u00ean h\u1ec7 v\u1edbi ch\u00fang t\u00f4i ngay h\u00f4m nay!<\/h2><\/div><p class=\"uagb-ifb-desc\">H\u00e3y c\u00f9ng nhau x\u00e2y d\u1ef1ng chi\u1ebfn l\u01b0\u1ee3c ph\u00e1t tri\u1ec3n cho doanh nghi\u1ec7p c\u1ee7a b\u1ea1n. \u0110\u1eebng ng\u1ea7n ng\u1ea1i, ch\u00fang t\u00f4i lu\u00f4n s\u1eb5n s\u00e0ng l\u1eafng nghe.<\/p><div class=\"uagb-ifb-button-wrapper wp-block-button\"><a href=\"https:\/\/sms.asutech.vn\/public-forms\/bzi9vuoo27d\" class=\"uagb-infobox-cta-link wp-block-button__link\" target=\"_blank\" rel=\"noopener noreferrer\" onclick=\"return true;\"><span class=\"uagb-inline-editing\">Li\u00ean H\u1ec7<\/span><svg xmlns=\"https:\/\/www.w3.org\/2000\/svg\" viewbox=\"0 0 512 512\"><path d=\"M504.3 273.6l-112.1 104c-6.992 6.484-17.18 8.218-25.94 4.406c-8.758-3.812-14.42-12.45-14.42-21.1L351.9 288H32C14.33 288 .0002 273.7 .0002 255.1S14.33 224 32 224h319.9l0-72c0-9.547 5.66-18.19 14.42-22c8.754-3.809 18.95-2.075 25.94 4.41l112.1 104C514.6 247.9 514.6 264.1 504.3 273.6z\"><\/path><\/svg><\/a><\/div><\/div><\/div><\/div>\n<\/div>","protected":false},"excerpt":{"rendered":"<p>\u30b5\u30fc\u30d3\u30b9 \u304a\u5ba2\u69d8\u306e\u30d3\u30b8\u30cd\u30b9\u3092\u9032\u5316\u3055\u305b\u308b\u30bd [&hellip;]<\/p>","protected":false},"author":1,"featured_media":0,"parent":0,"menu_order":0,"comment_status":"closed","ping_status":"closed","template":"","meta":{"_uag_custom_page_level_css":"","site-sidebar-layout":"default","site-content-layout":"","ast-site-content-layout":"default","site-content-style":"default","site-sidebar-style":"default","ast-global-header-display":"","ast-banner-title-visibility":"","ast-main-header-display":"","ast-hfb-above-header-display":"","ast-hfb-below-header-display":"","ast-hfb-mobile-header-display":"","site-post-title":"disabled","ast-breadcrumbs-content":"","ast-featured-img":"","footer-sml-layout":"","theme-transparent-header-meta":"","adv-header-id-meta":"","stick-header-meta":"","header-above-stick-meta":"","header-main-stick-meta":"","header-below-stick-meta":"","astra-migrate-meta-layouts":"default","ast-page-background-enabled":"default","ast-page-background-meta":{"desktop":{"background-color":"var(--ast-global-color-4)","background-image":"","background-repeat":"repeat","background-position":"center center","background-size":"auto","background-attachment":"scroll","background-type":"","background-media":"","overlay-type":"","overlay-color":"","overlay-opacity":"","overlay-gradient":""},"tablet":{"background-color":"","background-image":"","background-repeat":"repeat","background-position":"center center","background-size":"auto","background-attachment":"scroll","background-type":"","background-media":"","overlay-type":"","overlay-color":"","overlay-opacity":"","overlay-gradient":""},"mobile":{"background-color":"","background-image":"","background-repeat":"repeat","background-position":"center center","background-size":"auto","background-attachment":"scroll","background-type":"","background-media":"","overlay-type":"","overlay-color":"","overlay-opacity":"","overlay-gradient":""}},"ast-content-background-meta":{"desktop":{"background-color":"var(--ast-global-color-5)","background-image":"","background-repeat":"repeat","background-position":"center center","background-size":"auto","background-attachment":"scroll","background-type":"","background-media":"","overlay-type":"","overlay-color":"","overlay-opacity":"","overlay-gradient":""},"tablet":{"background-color":"var(--ast-global-color-5)","background-image":"","background-repeat":"repeat","background-position":"center center","background-size":"auto","background-attachment":"scroll","background-type":"","background-media":"","overlay-type":"","overlay-color":"","overlay-opacity":"","overlay-gradient":""},"mobile":{"background-color":"var(--ast-global-color-5)","background-image":"","background-repeat":"repeat","background-position":"center center","background-size":"auto","background-attachment":"scroll","background-type":"","background-media":"","overlay-type":"","overlay-color":"","overlay-opacity":"","overlay-gradient":""}},"footnotes":""},"class_list":["post-18","page","type-page","status-publish","hentry"],"uagb_featured_image_src":{"full":false,"thumbnail":false,"medium":false,"medium_large":false,"large":false,"1536x1536":false,"2048x2048":false,"trp-custom-language-flag":false},"uagb_author_info":{"display_name":"admin","author_link":"https:\/\/asutech.vn\/vi\/author\/admin\/"},"uagb_comment_info":0,"uagb_excerpt":"\u30b5\u30fc\u30d3\u30b9 \u304a\u5ba2\u69d8\u306e\u30d3\u30b8\u30cd\u30b9\u3092\u9032\u5316\u3055\u305b\u308b\u30bd [&hellip;]","jetpack_sharing_enabled":true,"_links":{"self":[{"href":"https:\/\/asutech.vn\/vi\/wp-json\/wp\/v2\/pages\/18","targetHints":{"allow":["GET"]}}],"collection":[{"href":"https:\/\/asutech.vn\/vi\/wp-json\/wp\/v2\/pages"}],"about":[{"href":"https:\/\/asutech.vn\/vi\/wp-json\/wp\/v2\/types\/page"}],"author":[{"embeddable":true,"href":"https:\/\/asutech.vn\/vi\/wp-json\/wp\/v2\/users\/1"}],"replies":[{"embeddable":true,"href":"https:\/\/asutech.vn\/vi\/wp-json\/wp\/v2\/comments?post=18"}],"version-history":[{"count":25,"href":"https:\/\/asutech.vn\/vi\/wp-json\/wp\/v2\/pages\/18\/revisions"}],"predecessor-version":[{"id":869,"href":"https:\/\/asutech.vn\/vi\/wp-json\/wp\/v2\/pages\/18\/revisions\/869"}],"wp:attachment":[{"href":"https:\/\/asutech.vn\/vi\/wp-json\/wp\/v2\/media?parent=18"}],"curies":[{"name":"wp","href":"https:\/\/api.w.org\/{rel}","templated":true}]}}