{"id":294,"date":"2025-06-18T08:12:58","date_gmt":"2025-06-18T08:12:58","guid":{"rendered":"https:\/\/asutech.vn\/?page_id=294"},"modified":"2025-09-18T13:31:52","modified_gmt":"2025-09-18T04:31:52","slug":"about","status":"publish","type":"page","link":"https:\/\/asutech.vn\/vi\/about\/","title":{"rendered":"V\u1ec1 ASUTech"},"content":{"rendered":"<div class=\"wp-block-uagb-container uagb-block-b6c6af1c alignfull uagb-is-root-container\"><div class=\"uagb-container-inner-blocks-wrap\">\n<div class=\"wp-block-uagb-advanced-heading uagb-block-323b3e55\"><div class=\"uagb-separator\"><\/div><h1 class=\"uagb-heading-text\">V\u1ec1 ch\u00fang t\u00f4i<\/h1><p class=\"uagb-desc-text\">ASUTech \u2013 \u0111\u1ed1i t\u00e1c c\u00f4ng ngh\u1ec7 \u0111\u1ed5i m\u1edbi, th\u00fac \u0111\u1ea9y s\u1ef1 ph\u00e1t tri\u1ec3n cho doanh nghi\u1ec7p c\u1ee7a b\u1ea1n.<\/p><\/div>\n<\/div><\/div>\n\n\n\n<div class=\"wp-block-uagb-container uagb-layout-grid uagb-block-09a2dff8 alignfull uagb-is-root-container\"><div class=\"uagb-container-inner-blocks-wrap\">\n<div class=\"wp-block-uagb-container uagb-block-92559a39\">\n<div class=\"wp-block-uagb-image aligncenter uagb-block-642acdb2 wp-block-uagb-image--layout-default wp-block-uagb-image--effect-static wp-block-uagb-image--align-center\"><figure class=\"wp-block-uagb-image__figure\"><img decoding=\"async\" srcset=\"https:\/\/asutech.vn\/wp-content\/uploads\/2025\/06\/AsuTech-image3-1024x1024.jpeg ,https:\/\/asutech.vn\/wp-content\/uploads\/2025\/06\/AsuTech-image3-scaled.jpeg 780w, https:\/\/asutech.vn\/wp-content\/uploads\/2025\/06\/AsuTech-image3-scaled.jpeg 360w\" sizes=\"auto, (max-width: 480px) 150px\" src=\"https:\/\/asutech.vn\/wp-content\/uploads\/2025\/06\/AsuTech-image3-1024x1024.jpeg\" alt=\"\" class=\"uag-image-692\" width=\"500\" height=\"500\" title=\"AsuTech-image3\" loading=\"lazy\" role=\"img\"\/><\/figure><\/div>\n<\/div>\n\n\n\n<div class=\"wp-block-uagb-info-box uagb-block-2f2beea1 uagb-infobox__content-wrap  uagb-infobox-icon-above-title uagb-infobox-image-valign-top\"><div class=\"uagb-ifb-content\"><div class=\"uagb-ifb-title-wrap\"><h2 class=\"uagb-ifb-title-prefix\">V\u1ec1 ASUTech<\/h2><div class=\"uagb-ifb-separator\"><\/div><p class=\"uagb-ifb-title\"><strong><mark style=\"background-color:rgba(0, 0, 0, 0)\" class=\"has-inline-color has-ast-global-color-0-color\">T\u1ea1i ASUTech, ch\u00fang t\u00f4i k\u1ebft h\u1ee3p th\u1ebf m\u1ea1nh c\u1ee7a Vi\u1ec7t Nam v\u00e0 Nh\u1eadt B\u1ea3n, l\u1ea5y ni\u1ec1m tin t\u1eeb kh\u00e1ch h\u00e0ng l\u00e0m n\u1ec1n t\u1ea3ng, h\u01b0\u1edbng \u0111\u1ebfn s\u1ef1 ph\u00e1t tri\u1ec3n b\u1ec1n v\u1eefng.<\/mark><\/strong><br><br><mark style=\"background-color:rgba(0, 0, 0, 0)\" class=\"has-inline-color has-ast-global-color-0-color\"><strong>T\u1ea7m nh\u00ecn (Vision)<\/strong><\/mark><br>ASUTech k\u1ebft n\u1ed1i ngu\u1ed3n nh\u00e2n l\u1ef1c IT gi\u1eefa Vi\u1ec7t Nam v\u00e0 Nh\u1eadt B\u1ea3n, mang \u0111\u1ebfn c\u00e1c gi\u1ea3i ph\u00e1p th\u00fac \u0111\u1ea9y t\u0103ng tr\u01b0\u1edfng b\u1ec1n v\u1eefng cho nhi\u1ec1u ng\u00e0nh ngh\u1ec1 v\u00e0 kh\u00e1ch h\u00e0ng \u0111a d\u1ea1ng. V\u1edbi nhi\u1ec1u d\u1ef1 \u00e1n th\u00e0nh c\u00f4ng, ch\u00fang t\u00f4i \u0111\u00e3 g\u00f3p ph\u1ea7n chuy\u1ec3n \u0111\u1ed5i v\u00e0 n\u00e2ng t\u1ea7m ho\u1ea1t \u0111\u1ed9ng kinh doanh c\u1ee7a kh\u00e1ch h\u00e0ng.<\/p><\/div><p class=\"uagb-ifb-desc\"><strong><mark style=\"background-color:rgba(0, 0, 0, 0)\" class=\"has-inline-color has-ast-global-color-0-color\">S\u1ee9 m\u1ec7nh (Mission)<\/mark><\/strong><br>Ch\u00fang t\u00f4i l\u1eafng nghe v\u00e0 th\u1ea5u hi\u1ec3u nhu c\u1ea7u c\u1ee7a kh\u00e1ch h\u00e0ng \u0111\u1ec3 kh\u00f4ng ng\u1eebng cung c\u1ea5p c\u00e1c gi\u1ea3i ph\u00e1p c\u00f4ng ngh\u1ec7 t\u1ed1i \u01b0u, c\u00f9ng nhau t\u1ea1o d\u1ef1ng gi\u00e1 tr\u1ecb v\u00e0 ni\u1ec1m tin l\u00e2u d\u00e0i.<br><br><mark style=\"background-color:rgba(0, 0, 0, 0)\" class=\"has-inline-color has-ast-global-color-0-color\"><strong>Gi\u00e1 tr\u1ecb c\u1ed1t l\u00f5i (Core Values)<\/strong><\/mark><br>\u2776<strong>K\u1ebft h\u1ee3p &amp; H\u1ee3p t\u00e1c<\/strong><br>\u3000K\u1ebft h\u1ee3p k\u1ef9 thu\u1eadt c\u00f4ng ngh\u1ec7 t\u1eeb Vi\u1ec7t Nam v\u1edbi kinh nghi\u1ec7m t\u1eeb Nh\u1eadt B\u1ea3n \u0111\u1ec3 t\u1ea1o ra c\u00e1c gi\u1ea3i ph\u00e1p t\u1ed1i \u01b0u, xu\u1ea5t ph\u00e1t t\u1eeb nhi\u1ec1u g\u00f3c nh\u00ecn \u0111a d\u1ea1ng.<br>\u2777<strong>Tin c\u1eady &amp; Ch\u00ednh tr\u1ef1c<\/strong><br>\u3000X\u00e2y d\u1ef1ng m\u1ed1i quan h\u1ec7 trung th\u1ef1c v\u00e0 minh b\u1ea1ch v\u1edbi kh\u00e1ch h\u00e0ng, \u0111\u1ed9i ng\u0169 v\u00e0 c\u00e1c \u0111\u1ed1i t\u00e1c.<br>\u2778<strong>Ph\u00e1t tri\u1ec3n li\u00ean t\u1ee5c<\/strong><br>\u3000Lu\u00f4n h\u1ecdc h\u1ecfi, \u0111\u1ed5i m\u1edbi v\u00e0 kh\u00f4ng ng\u1ea1i thay \u0111\u1ed5i \u0111\u1ec3 th\u00fac \u0111\u1ea9y s\u1ef1 ph\u00e1t tri\u1ec3n c\u1ee7a c\u1ea3 c\u00e1 nh\u00e2n v\u00e0 t\u1ed5 ch\u1ee9c.<\/p><\/div><\/div>\n\n\n\n<div class=\"wp-block-uagb-info-box uagb-block-e042ebf3 uagb-infobox__content-wrap  uagb-infobox-icon-above-title uagb-infobox-image-valign-top\"><div class=\"uagb-ifb-content\"><div class=\"uagb-ifb-title-wrap\"><h2 class=\"uagb-ifb-title-prefix\">Tri\u1ebft L\u00fd Kinh Doanh<\/h2><div class=\"uagb-ifb-separator\"><\/div><p class=\"uagb-ifb-title\"><mark style=\"background-color:rgba(0, 0, 0, 0)\" class=\"has-inline-color has-ast-global-color-0-color\">\u2776<strong>Kh\u00e1ch h\u00e0ng l\u00e0m Trung t\u00e2m<\/strong><\/mark><br>\u3000Lu\u00f4n \u0111\u1eb7t m\u00ecnh v\u00e0o v\u1ecb tr\u00ed c\u1ee7a kh\u00e1ch h\u00e0ng v\u00e0 n\u1ed7 l\u1ef1c mang \u0111\u1ebfn gi\u00e1 tr\u1ecb v\u01b0\u1ee3t tr\u00ean k\u1ef3 v\u1ecdng.<\/p><\/div><p class=\"uagb-ifb-desc\"><strong><mark style=\"background-color:rgba(0, 0, 0, 0)\" class=\"has-inline-color has-ast-global-color-0-color\">\u2777\u0110am m\u00ea C\u00f4ng ngh\u1ec7<\/mark><\/strong><br>\u3000Lu\u00f4n nu\u00f4i d\u01b0\u1ee1ng s\u1ef1 t\u00f2 m\u00f2 v\u00e0 tinh th\u1ea7n kh\u00e1m ph\u00e1 v\u1edbi c\u00e1c c\u00f4ng ngh\u1ec7 ti\u00ean ti\u1ebfn, h\u01b0\u1edbng t\u1edbi vi\u1ec7c cung c\u1ea5p d\u1ecbch v\u1ee5 ch\u1ea5t l\u01b0\u1ee3ng cao nh\u1ea5t.<\/p><\/div><\/div>\n<\/div><\/div>\n\n\n\n<div class=\"wp-block-uagb-container uagb-block-b6efa05c alignfull uagb-is-root-container\"><div class=\"uagb-container-inner-blocks-wrap\"><\/div><\/div>\n\n\n\n<div class=\"wp-block-uagb-container uagb-layout-grid uagb-block-f7a09ec6 alignfull uagb-is-root-container\"><div class=\"uagb-container-inner-blocks-wrap\">\n<div class=\"wp-block-uagb-advanced-heading uagb-block-f3bf49e7\"><h2 class=\"uagb-heading-text\">Th\u00f4ng tin C\u00f4ng ty<\/h2><div class=\"uagb-separator\"><\/div><\/div>\n\n\n\n<div class=\"wp-block-uagb-container uagb-block-38d97819\">\n<figure class=\"wp-block-table alignwide is-style-stripes\" style=\"font-size:15px\"><table class=\"has-ast-global-color-7-color has-text-color has-link-color\"><thead><tr><th><\/th><th><\/th><\/tr><\/thead><tbody><tr><td>T\u00ean C\u00f4ng Ty<\/td><td>ASUTech Co.,Ltd<\/td><\/tr><tr><td>\u0110\u1ecba Ch\u1ec9<\/td><td>C01-L51 Villa An Vuong, KDT Duong Noi, P. Duong Noi,&nbsp;Ha Noi, Viet Nam<\/td><\/tr><tr><td>\u0110i\u1ec7n Tho\u1ea1i<\/td><td>+84-8-6969-8070<\/td><\/tr><tr><td>T\u1ed5ng Gi\u00e1m \u0110\u1ed1c<\/td><td>Tr\u1ea7n Thanh H\u1ea3i<\/td><\/tr><tr><td>Ng\u00e0y Th\u00e0nh L\u1eadp<\/td><td>2025\u5e7407\u670825\u65e5<\/td><\/tr><tr><td>V\u1ed1n \u0110I\u1ec1u L\u1ec7<\/td><td>5,500,000\u5186<\/td><\/tr><tr><td>VP Japan<\/td><td>\u3012171-0014<br>6F, Nishi-Ikebukuro Dai-ichi Seimei Building, 2-40-12 Ikebukuro, Toshima-ku, Tokyo Japan<\/td><\/tr><\/tbody><\/table><\/figure>\n<\/div>\n<\/div><\/div>\n\n\n\n<div class=\"wp-block-uagb-container uagb-layout-grid uagb-block-808eb0c8 alignfull uagb-is-root-container\"><div class=\"uagb-container-inner-blocks-wrap\">\n<div class=\"wp-block-uagb-advanced-heading uagb-block-a5d004a0\"><h2 class=\"uagb-heading-text\">L\u1ecbch s\u1eed h\u00ecnh th\u00e0nh v\u00e0 ph\u00e1t tri\u1ec3n<\/h2><div class=\"uagb-separator\"><\/div><\/div>\n\n\n\n<div class=\"wp-block-uagb-container uagb-block-5ebf0f0b\">\n<div class=\"wp-block-uagb-advanced-heading uagb-block-738d5bbf\"><p class=\"uagb-heading-text\">ASUTech lu\u00f4n \u0111\u1eb7t tr\u1ecdng t\u00e2m v\u00e0o \u0111\u1ed5i m\u1edbi c\u00f4ng ngh\u1ec7 v\u00e0 th\u1ea5u hi\u1ec3u nhu c\u1ea7u kh\u00e1ch h\u00e0ng, t\u1eebng b\u01b0\u1edbc ph\u00e1t tri\u1ec3n v\u1eefng ch\u1eafc qua t\u1eebng giai \u0111o\u1ea1n.<\/p><\/div>\n\n\n\n<div class=\"wp-block-uagb-container uagb-layout-grid uagb-block-269e0cd4\">\n<div class=\"wp-block-uagb-advanced-heading uagb-block-cb3ed0f0\"><h3 class=\"uagb-heading-text\">2017<\/h3><div class=\"uagb-separator\"><\/div><p class=\"uagb-desc-text\">Th\u00e0nh l\u1eadp v\u0103n ph\u00f2ng \u0111\u1ea1i di\u1ec7n Hyperion t\u1ea1i Vi\u1ec7t Nam.<\/p><\/div>\n\n\n\n<div class=\"wp-block-uagb-advanced-heading uagb-block-2f3e1b82\"><h3 class=\"uagb-heading-text\">2020<\/h3><div class=\"uagb-separator\"><\/div><p class=\"uagb-desc-text\">M\u1edf r\u1ed9ng danh m\u1ee5c s\u1ea3n ph\u1ea9m ch\u1ee7 l\u1ef1c theo nhu c\u1ea7u t\u1eeb kh\u00e1ch h\u00e0ng v\u00e0 b\u1eaft \u0111\u1ea7u th\u00e2m nh\u1eadp v\u00e0o c\u00e1c th\u1ecb tr\u01b0\u1eddng m\u1edbi.<\/p><\/div>\n\n\n\n<div class=\"wp-block-uagb-advanced-heading uagb-block-5f525fa0\"><h3 class=\"uagb-heading-text\">2023<\/h3><div class=\"uagb-separator\"><\/div><p class=\"uagb-desc-text\">C\u1ea3i ti\u1ebfn d\u1ef1a tr\u00ean ph\u1ea3n h\u1ed3i th\u1ef1c t\u1ebf, n\u00e2ng cao \u0111\u00e1ng k\u1ec3 m\u1ee9c \u0111\u1ed9 h\u00e0i l\u00f2ng c\u1ee7a kh\u00e1ch h\u00e0ng.<\/p><\/div>\n\n\n\n<div class=\"wp-block-uagb-advanced-heading uagb-block-82ca8334\"><h3 class=\"uagb-heading-text\">2025<\/h3><div class=\"uagb-separator\"><\/div><p class=\"uagb-desc-text\">Ch\u00ednh th\u1ee9c th\u00e0nh l\u1eadp ph\u00e1p nh\u00e2n v\u1edbi t\u00ean g\u1ecdi ASUTech, h\u01b0\u1edbng \u0111\u1ebfn m\u1ee5c ti\u00eau n\u00e2ng cao tr\u1ea3i nghi\u1ec7m kh\u00e1ch h\u00e0ng v\u00e0 g\u00f3p ph\u1ea7n chuy\u1ec3n \u0111\u1ed5i ho\u1ea1t \u0111\u1ed9ng kinh doanh c\u1ee7a \u0111\u1ed1i t\u00e1c.<\/p><\/div>\n<\/div>\n<\/div>\n<\/div><\/div>\n\n\n\n<div class=\"wp-block-uagb-container uagb-block-ea6d5fc6 alignwide uagb-is-root-container\">\n<div class=\"wp-block-uagb-container uagb-block-6f7454bf\">\n<div class=\"wp-block-uagb-counter uagb-block-c576f5d2 wp-block-uagb-counter--number\"><div class=\"wp-block-uagb-counter__number\"><span class=\"uagb-counter-block-number\" data-duration=\"1.5\" data-to-value=\"9\" data-from-value=\"0\" data-delimiter=\",\"><\/span><span class=\"uagb-counter-block-suffix\">+<\/span><\/div><div class=\"wp-block-uagb-counter__title\">N\u0103m kinh nghi\u1ec7m<\/div><\/div>\n<\/div>\n\n\n\n<div class=\"wp-block-uagb-container uagb-block-b7d41fee\">\n<div class=\"wp-block-uagb-counter uagb-block-71e8cb14 wp-block-uagb-counter--number\"><div class=\"wp-block-uagb-counter__number\"><span class=\"uagb-counter-block-number\" data-duration=\"1.5\" data-to-value=\"100\" data-from-value=\"0\" data-delimiter=\",\"><\/span><span class=\"uagb-counter-block-suffix\">+<\/span><\/div><div class=\"wp-block-uagb-counter__title\">Kh\u00e1ch h\u00e0ng h\u00e0i l\u00f2ng<\/div><\/div>\n<\/div>\n\n\n\n<div class=\"wp-block-uagb-container uagb-block-0588abef\">\n<div class=\"wp-block-uagb-counter uagb-block-ea6fab80 wp-block-uagb-counter--number\"><div class=\"wp-block-uagb-counter__number\"><span class=\"uagb-counter-block-number\" data-duration=\"1.5\" data-to-value=\"8\" data-from-value=\"0\" data-delimiter=\",\"><\/span><span class=\"uagb-counter-block-suffix\">+<\/span><\/div><div class=\"wp-block-uagb-counter__title\">Gi\u1ea3i th\u01b0\u1edfng \u0111\u1ea1t \u0111\u01b0\u1ee3c<\/div><\/div>\n<\/div>\n\n\n\n<div class=\"wp-block-uagb-container uagb-block-984af04b\">\n<div class=\"wp-block-uagb-counter uagb-block-be547797 wp-block-uagb-counter--number\"><div class=\"wp-block-uagb-counter__number\"><span class=\"uagb-counter-block-number\" data-duration=\"1.5\" data-to-value=\"90\" data-from-value=\"0\" data-delimiter=\",\"><\/span><span class=\"uagb-counter-block-suffix\">%<\/span><\/div><div class=\"wp-block-uagb-counter__title\">M\u1ee9c \u0111\u1ed9 h\u00e0i l\u00f2ng c\u1ee7a kh\u00e1ch h\u00e0ng<\/div><\/div>\n<\/div>\n<\/div>\n\n\n\n<div class=\"wp-block-uagb-container uagb-block-32cd69d1 alignfull uagb-is-root-container\"><div class=\"uagb-container-inner-blocks-wrap\">\n<div class=\"wp-block-uagb-separator uagb-block-0abfa267\"><div class=\"wp-block-uagb-separator__inner\" style=\"--my-background-image:\"><\/div><\/div>\n\n\n\n<div class=\"wp-block-uagb-advanced-heading uagb-block-7ae2d4dc\"><h2 class=\"uagb-heading-text\">\u0110\u1ed9i ng\u0169 c\u1ee7a ch\u00fang t\u00f4i<\/h2><div class=\"uagb-separator\"><\/div><\/div>\n\n\n\n<div class=\"wp-block-uagb-container uagb-block-35bcf83c\">\n<div class=\"wp-block-uagb-container uagb-block-5d3038f1\">\n<div class=\"wp-block-uagb-image aligncenter uagb-block-606427dd wp-block-uagb-image--layout-default wp-block-uagb-image--effect-static wp-block-uagb-image--align-center\"><figure class=\"wp-block-uagb-image__figure\"><img decoding=\"async\" srcset=\"https:\/\/asutech.vn\/wp-content\/uploads\/2025\/07\/HaiTT5.png ,https:\/\/asutech.vn\/wp-content\/uploads\/2025\/07\/HaiTT5.png 780w, https:\/\/asutech.vn\/wp-content\/uploads\/2025\/07\/HaiTT5.png 360w\" sizes=\"auto, (max-width: 480px) 150px\" src=\"https:\/\/asutech.vn\/wp-content\/uploads\/2025\/07\/HaiTT5.png\" alt=\"\" class=\"uag-image-756\" width=\"160\" height=\"180\" title=\"HaiTT5\" loading=\"lazy\" role=\"img\"\/><\/figure><\/div>\n\n\n\n<div class=\"wp-block-uagb-advanced-heading uagb-block-a5136477\"><div class=\"uagb-heading-text\">Tr\u1ea7n Thanh H\u1ea3i<\/div><p class=\"uagb-desc-text\">T\u1ed5ng Gi\u00e1m \u0110\u1ed1c (CEO)<\/p><\/div>\n<\/div>\n\n\n\n<div class=\"wp-block-uagb-container uagb-block-f5ef5f56\">\n<div class=\"wp-block-uagb-image aligncenter uagb-block-3b996cee wp-block-uagb-image--layout-overlay wp-block-uagb-image--effect-static wp-block-uagb-image--align-center\"><figure class=\"wp-block-uagb-image__figure\"><img decoding=\"async\" srcset=\"https:\/\/asutech.vn\/wp-content\/uploads\/2025\/07\/image.png ,https:\/\/asutech.vn\/wp-content\/uploads\/2025\/07\/image.png 780w, https:\/\/asutech.vn\/wp-content\/uploads\/2025\/07\/image.png 360w\" sizes=\"auto, (max-width: 480px) 150px\" src=\"https:\/\/asutech.vn\/wp-content\/uploads\/2025\/07\/image.png\" alt=\"\" class=\"uag-image-718\" width=\"160\" height=\"180\" title=\"image\" loading=\"lazy\" role=\"img\"\/><div class=\"wp-block-uagb-image--layout-overlay__color-wrapper\"><\/div><div class=\"wp-block-uagb-image--layout-overlay__inner center-center\"><\/div><\/figure><\/div>\n\n\n\n<div class=\"wp-block-uagb-advanced-heading uagb-block-702d4f92\"><div class=\"uagb-heading-text\">Nguy\u1ec5n Ch\u00ed C\u00f4ng<\/div><p class=\"uagb-desc-text\">Gi\u00e1m \u0110\u1ed1c V\u1eadn H\u00e0nh (COO)<\/p><\/div>\n<\/div>\n\n\n\n<div class=\"wp-block-uagb-container uagb-block-d44378ae\">\n<div class=\"wp-block-uagb-image aligncenter uagb-block-eb2c35c3 wp-block-uagb-image--layout-default wp-block-uagb-image--effect-static wp-block-uagb-image--align-center\"><figure class=\"wp-block-uagb-image__figure\"><img decoding=\"async\" srcset=\"https:\/\/asutech.vn\/wp-content\/uploads\/2025\/07\/image-2.png ,https:\/\/asutech.vn\/wp-content\/uploads\/2025\/07\/image-2.png 780w, https:\/\/asutech.vn\/wp-content\/uploads\/2025\/07\/image-2.png 360w\" sizes=\"auto, (max-width: 480px) 150px\" src=\"https:\/\/asutech.vn\/wp-content\/uploads\/2025\/07\/image-2.png\" alt=\"\" class=\"uag-image-748\" width=\"160\" height=\"180\" title=\"image (2)\" loading=\"lazy\" role=\"img\"\/><\/figure><\/div>\n\n\n\n<div class=\"wp-block-uagb-advanced-heading uagb-block-d332ab1a\"><div class=\"uagb-heading-text\">Ph\u1ea1m Th\u1ecb Thu\u00fd<\/div><p class=\"uagb-desc-text\">Qu\u1ea3n l\u00fd B\u1ed9 ph\u1eadn BPO<\/p><\/div>\n<\/div>\n<\/div>\n<\/div><\/div>\n\n\n\n<div class=\"wp-block-uagb-container uagb-block-c584b42a default uagb-is-root-container\">\n<div class=\"wp-block-uagb-info-box uagb-block-ffe5d344 uagb-infobox__content-wrap  uagb-infobox-icon-above-title uagb-infobox-image-valign-top wp-block-uagb-info-box--has-margin\"><div class=\"uagb-infobox-margin-wrapper\"><div class=\"uagb-ifb-content\"><div class=\"uagb-ifb-title-wrap\"><div class=\"uagb-ifb-separator\"><\/div><h2 class=\"uagb-ifb-title\">Li\u00ean h\u1ec7 v\u1edbi ch\u00fang t\u00f4i ngay h\u00f4m nay!<\/h2><\/div><p class=\"uagb-ifb-desc\">H\u00e3y c\u00f9ng nhau x\u00e2y d\u1ef1ng chi\u1ebfn l\u01b0\u1ee3c ph\u00e1t tri\u1ec3n cho doanh nghi\u1ec7p c\u1ee7a b\u1ea1n. \u0110\u1eebng ng\u1ea7n ng\u1ea1i, ch\u00fang t\u00f4i lu\u00f4n s\u1eb5n s\u00e0ng l\u1eafng nghe.<\/p><div class=\"uagb-ifb-button-wrapper wp-block-button\"><a href=\"https:\/\/sms.asutech.vn\/public-forms\/bzi9vuoo27d\" class=\"uagb-infobox-cta-link wp-block-button__link\" target=\"_blank\" rel=\"noopener noreferrer\" onclick=\"return true;\"><span class=\"uagb-inline-editing\">Li\u00ean H\u1ec7<\/span><svg xmlns=\"https:\/\/www.w3.org\/2000\/svg\" viewbox=\"0 0 512 512\"><path d=\"M504.3 273.6l-112.1 104c-6.992 6.484-17.18 8.218-25.94 4.406c-8.758-3.812-14.42-12.45-14.42-21.1L351.9 288H32C14.33 288 .0002 273.7 .0002 255.1S14.33 224 32 224h319.9l0-72c0-9.547 5.66-18.19 14.42-22c8.754-3.809 18.95-2.075 25.94 4.41l112.1 104C514.6 247.9 514.6 264.1 504.3 273.6z\"><\/path><\/svg><\/a><\/div><\/div><\/div><\/div>\n<\/div>","protected":false},"excerpt":{"rendered":"<p>\u79c1\u305f\u3061\u306b\u3064\u3044\u3066 ASUTech\u306f\u9769\u65b0\u7684\u306a [&hellip;]<\/p>","protected":false},"author":1,"featured_media":0,"parent":0,"menu_order":0,"comment_status":"closed","ping_status":"closed","template":"","meta":{"_uag_custom_page_level_css":"","site-sidebar-layout":"default","site-content-layout":"","ast-site-content-layout":"default","site-content-style":"default","site-sidebar-style":"default","ast-global-header-display":"","ast-banner-title-visibility":"","ast-main-header-display":"","ast-hfb-above-header-display":"","ast-hfb-below-header-display":"","ast-hfb-mobile-header-display":"","site-post-title":"disabled","ast-breadcrumbs-content":"","ast-featured-img":"","footer-sml-layout":"","theme-transparent-header-meta":"","adv-header-id-meta":"","stick-header-meta":"","header-above-stick-meta":"","header-main-stick-meta":"","header-below-stick-meta":"","astra-migrate-meta-layouts":"default","ast-page-background-enabled":"default","ast-page-background-meta":{"desktop":{"background-color":"var(--ast-global-color-4)","background-image":"","background-repeat":"repeat","background-position":"center center","background-size":"auto","background-attachment":"scroll","background-type":"","background-media":"","overlay-type":"","overlay-color":"","overlay-opacity":"","overlay-gradient":""},"tablet":{"background-color":"","background-image":"","background-repeat":"repeat","background-position":"center center","background-size":"auto","background-attachment":"scroll","background-type":"","background-media":"","overlay-type":"","overlay-color":"","overlay-opacity":"","overlay-gradient":""},"mobile":{"background-color":"","background-image":"","background-repeat":"repeat","background-position":"center center","background-size":"auto","background-attachment":"scroll","background-type":"","background-media":"","overlay-type":"","overlay-color":"","overlay-opacity":"","overlay-gradient":""}},"ast-content-background-meta":{"desktop":{"background-color":"var(--ast-global-color-5)","background-image":"","background-repeat":"repeat","background-position":"center center","background-size":"auto","background-attachment":"scroll","background-type":"","background-media":"","overlay-type":"","overlay-color":"","overlay-opacity":"","overlay-gradient":""},"tablet":{"background-color":"var(--ast-global-color-5)","background-image":"","background-repeat":"repeat","background-position":"center center","background-size":"auto","background-attachment":"scroll","background-type":"","background-media":"","overlay-type":"","overlay-color":"","overlay-opacity":"","overlay-gradient":""},"mobile":{"background-color":"var(--ast-global-color-5)","background-image":"","background-repeat":"repeat","background-position":"center center","background-size":"auto","background-attachment":"scroll","background-type":"","background-media":"","overlay-type":"","overlay-color":"","overlay-opacity":"","overlay-gradient":""}},"footnotes":""},"class_list":["post-294","page","type-page","status-publish","hentry"],"uagb_featured_image_src":{"full":false,"thumbnail":false,"medium":false,"medium_large":false,"large":false,"1536x1536":false,"2048x2048":false,"trp-custom-language-flag":false},"uagb_author_info":{"display_name":"admin","author_link":"https:\/\/asutech.vn\/vi\/author\/admin\/"},"uagb_comment_info":0,"uagb_excerpt":"\u79c1\u305f\u3061\u306b\u3064\u3044\u3066 ASUTech\u306f\u9769\u65b0\u7684\u306a [&hellip;]","jetpack_sharing_enabled":true,"_links":{"self":[{"href":"https:\/\/asutech.vn\/vi\/wp-json\/wp\/v2\/pages\/294","targetHints":{"allow":["GET"]}}],"collection":[{"href":"https:\/\/asutech.vn\/vi\/wp-json\/wp\/v2\/pages"}],"about":[{"href":"https:\/\/asutech.vn\/vi\/wp-json\/wp\/v2\/types\/page"}],"author":[{"embeddable":true,"href":"https:\/\/asutech.vn\/vi\/wp-json\/wp\/v2\/users\/1"}],"replies":[{"embeddable":true,"href":"https:\/\/asutech.vn\/vi\/wp-json\/wp\/v2\/comments?post=294"}],"version-history":[{"count":55,"href":"https:\/\/asutech.vn\/vi\/wp-json\/wp\/v2\/pages\/294\/revisions"}],"predecessor-version":[{"id":836,"href":"https:\/\/asutech.vn\/vi\/wp-json\/wp\/v2\/pages\/294\/revisions\/836"}],"wp:attachment":[{"href":"https:\/\/asutech.vn\/vi\/wp-json\/wp\/v2\/media?parent=294"}],"curies":[{"name":"wp","href":"https:\/\/api.w.org\/{rel}","templated":true}]}}