{"id":846,"date":"2025-09-22T13:41:18","date_gmt":"2025-09-22T04:41:18","guid":{"rendered":"https:\/\/asutech.vn\/?page_id=846"},"modified":"2025-09-22T13:43:37","modified_gmt":"2025-09-22T04:43:37","slug":"workshop","status":"publish","type":"page","link":"https:\/\/asutech.vn\/vi\/workshop\/","title":{"rendered":"Workshop"},"content":{"rendered":"<p class=\"has-text-align-center has-x-large-font-size\">[Workshop]<strong>T\u0103ng T\u1ed1c Chuy\u1ec3n \u0110\u1ed5i S\u1ed1 V\u1edbi NoCode<\/strong><\/p>\n\n\n\n<p class=\"has-text-align-center has-large-font-size\">X\u00e2y D\u1ef1ng \u1ee8ng D\u1ee5ng Doanh Nghi\u1ec7p Trong 30 Ph\u00fat V\u1edbi NoCode<\/p>\n\n\n\n<figure class=\"wp-block-image aligncenter size-full\"><img loading=\"lazy\" decoding=\"async\" width=\"795\" height=\"602\" src=\"https:\/\/asutech.vn\/wp-content\/uploads\/2025\/09\/NoCode\u30fcKiban.png\" alt=\"\" class=\"wp-image-847\" srcset=\"https:\/\/asutech.vn\/wp-content\/uploads\/2025\/09\/NoCode\u30fcKiban.png 795w, https:\/\/asutech.vn\/wp-content\/uploads\/2025\/09\/NoCode\u30fcKiban-300x227.png 300w, https:\/\/asutech.vn\/wp-content\/uploads\/2025\/09\/NoCode\u30fcKiban-768x582.png 768w, https:\/\/asutech.vn\/wp-content\/uploads\/2025\/09\/NoCode\u30fcKiban-16x12.png 16w\" sizes=\"auto, (max-width: 795px) 100vw, 795px\" \/><figcaption class=\"wp-element-caption\">N\u1ec1n T\u1ea3ng Nocode Linh Ho\u1ea1t Cho Doanh Nghi\u1ec7p<\/figcaption><\/figure>\n\n\n\n<blockquote class=\"wp-block-quote is-layout-flow wp-block-quote-is-layout-flow\">\n<p class=\"has-medium-font-size\"><strong>N\u1ed7i \u0110au Chung C\u1ee7a Doanh Nghi\u1ec7p<\/strong><\/p>\n\n\n\n<p class=\"has-ast-global-color-0-color has-text-color has-link-color wp-elements-7f514741da6220497936295e18560856\">\u231b <strong>Th\u1eddi Gian K\u00e9o D\u00e0i?<\/strong><\/p>\n\n\n\n<p>\u3000\u3000\u00dd t\u01b0\u1edfng ph\u1ea3i \"x\u1ebfp h\u00e0ng\" ch\u1edd \u0111\u1ed9i IT th\u1ef1c hi\u1ec7n h\u00e0ng th\u00e1ng tr\u1eddi.<\/p>\n\n\n\n<p class=\"has-ast-global-color-0-color has-text-color has-link-color wp-elements-9b72e4426b5bbce8b2124a3d398a3e4c\">\ud83d\udcb0 <strong>Chi Ph\u00ed T\u1ed1n K\u00e9m?<\/strong><\/p>\n\n\n\n<p>\u3000\u3000Ng\u00e2n s\u00e1ch ph\u00ecnh to cho vi\u1ec7c ph\u00e1t tri\u1ec3n v\u00e0 b\u1ea3o tr\u00ec ph\u1ea7n m\u1ec1m.<\/p>\n\n\n\n<p class=\"has-ast-global-color-0-color has-text-color has-link-color wp-elements-25cb2c1ab17a7fb803752e9f58a355ff\">\u2699\ufe0f <strong>Thi\u1ebfu Linh Ho\u1ea1t?<\/strong><\/p>\n\n\n\n<p>\u3000\u3000M\u1ed7i thay \u0111\u1ed5i nh\u1ecf \u0111\u1ec1u l\u00e0 m\u1ed9t quy tr\u00ecnh ph\u1ee9c t\u1ea1p v\u00e0 t\u1ed1n th\u1eddi gian.<\/p>\n\n\n\n<p class=\"has-ast-global-color-0-color has-text-color has-link-color wp-elements-389ea203cfb89fa3f8c3e85d95d66d17\">\ud83d\udde3\ufe0f\ud83d\udcac <strong>Kho\u1ea3ng C\u00e1ch Giao Ti\u1ebfp?<\/strong><\/p>\n\n\n\n<p>\u3000\u3000\u0110\u1ed9i ng\u0169 kinh doanh &amp; k\u1ef9 thu\u1eadt kh\u00f4ng t\u00ecm \u0111\u01b0\u1ee3c ti\u1ebfng n\u00f3i chung.<\/p>\n<\/blockquote>\n\n\n\n<div class=\"wp-block-uagb-info-box uagb-block-74ec4e5b uagb-infobox__content-wrap  uagb-infobox-icon-above-title uagb-infobox-image-valign-top\"><div class=\"uagb-ifb-content\"><div class=\"uagb-ifb-icon-wrap\"><svg xmlns=\"https:\/\/www.w3.org\/2000\/svg\" viewbox=\"0 0 512 512\"><path d=\"M0 256C0 114.6 114.6 0 256 0C397.4 0 512 114.6 512 256C512 397.4 397.4 512 256 512C114.6 512 0 397.4 0 256zM371.8 211.8C382.7 200.9 382.7 183.1 371.8 172.2C360.9 161.3 343.1 161.3 332.2 172.2L224 280.4L179.8 236.2C168.9 225.3 151.1 225.3 140.2 236.2C129.3 247.1 129.3 264.9 140.2 275.8L204.2 339.8C215.1 350.7 232.9 350.7 243.8 339.8L371.8 211.8z\"><\/path><\/svg><\/div><div class=\"uagb-ifb-title-wrap\"><h3 class=\"uagb-ifb-title\">Vi\u1ec7c \u0111\u0103ng k\u00fd workshop, xin vui l\u00f2ng g\u1eedi \u0111\u1ebfn th\u00f4ng tin li\u00ean l\u1ea1c d\u01b0\u1edbi \u0111\u00e2y.<\/h3><\/div><p class=\"uagb-ifb-desc\">Tr\u1ea7n Thanh H\u1ea3i<br>tthai@asutech.vn<br>+84 8 6969 8070<\/p><\/div><\/div>\n\n\n\n<p><\/p>","protected":false},"excerpt":{"rendered":"<p>[Workshop]-NoCode\u3067\u5b9f\u73fe [&hellip;]<\/p>","protected":false},"author":1,"featured_media":0,"parent":0,"menu_order":0,"comment_status":"closed","ping_status":"closed","template":"","meta":{"_uag_custom_page_level_css":"","site-sidebar-layout":"default","site-content-layout":"","ast-site-content-layout":"default","site-content-style":"default","site-sidebar-style":"default","ast-global-header-display":"","ast-banner-title-visibility":"","ast-main-header-display":"","ast-hfb-above-header-display":"","ast-hfb-below-header-display":"","ast-hfb-mobile-header-display":"","site-post-title":"","ast-breadcrumbs-content":"","ast-featured-img":"","footer-sml-layout":"","theme-transparent-header-meta":"","adv-header-id-meta":"","stick-header-meta":"","header-above-stick-meta":"","header-main-stick-meta":"","header-below-stick-meta":"","astra-migrate-meta-layouts":"default","ast-page-background-enabled":"default","ast-page-background-meta":{"desktop":{"background-color":"var(--ast-global-color-4)","background-image":"","background-repeat":"repeat","background-position":"center center","background-size":"auto","background-attachment":"scroll","background-type":"","background-media":"","overlay-type":"","overlay-color":"","overlay-opacity":"","overlay-gradient":""},"tablet":{"background-color":"","background-image":"","background-repeat":"repeat","background-position":"center center","background-size":"auto","background-attachment":"scroll","background-type":"","background-media":"","overlay-type":"","overlay-color":"","overlay-opacity":"","overlay-gradient":""},"mobile":{"background-color":"","background-image":"","background-repeat":"repeat","background-position":"center center","background-size":"auto","background-attachment":"scroll","background-type":"","background-media":"","overlay-type":"","overlay-color":"","overlay-opacity":"","overlay-gradient":""}},"ast-content-background-meta":{"desktop":{"background-color":"var(--ast-global-color-5)","background-image":"","background-repeat":"repeat","background-position":"center center","background-size":"auto","background-attachment":"scroll","background-type":"","background-media":"","overlay-type":"","overlay-color":"","overlay-opacity":"","overlay-gradient":""},"tablet":{"background-color":"var(--ast-global-color-5)","background-image":"","background-repeat":"repeat","background-position":"center center","background-size":"auto","background-attachment":"scroll","background-type":"","background-media":"","overlay-type":"","overlay-color":"","overlay-opacity":"","overlay-gradient":""},"mobile":{"background-color":"var(--ast-global-color-5)","background-image":"","background-repeat":"repeat","background-position":"center center","background-size":"auto","background-attachment":"scroll","background-type":"","background-media":"","overlay-type":"","overlay-color":"","overlay-opacity":"","overlay-gradient":""}},"footnotes":""},"class_list":["post-846","page","type-page","status-publish","hentry"],"uagb_featured_image_src":{"full":false,"thumbnail":false,"medium":false,"medium_large":false,"large":false,"1536x1536":false,"2048x2048":false,"trp-custom-language-flag":false},"uagb_author_info":{"display_name":"admin","author_link":"https:\/\/asutech.vn\/vi\/author\/admin\/"},"uagb_comment_info":0,"uagb_excerpt":"[Workshop]-NoCode\u3067\u5b9f\u73fe [&hellip;]","jetpack_sharing_enabled":true,"_links":{"self":[{"href":"https:\/\/asutech.vn\/vi\/wp-json\/wp\/v2\/pages\/846","targetHints":{"allow":["GET"]}}],"collection":[{"href":"https:\/\/asutech.vn\/vi\/wp-json\/wp\/v2\/pages"}],"about":[{"href":"https:\/\/asutech.vn\/vi\/wp-json\/wp\/v2\/types\/page"}],"author":[{"embeddable":true,"href":"https:\/\/asutech.vn\/vi\/wp-json\/wp\/v2\/users\/1"}],"replies":[{"embeddable":true,"href":"https:\/\/asutech.vn\/vi\/wp-json\/wp\/v2\/comments?post=846"}],"version-history":[{"count":1,"href":"https:\/\/asutech.vn\/vi\/wp-json\/wp\/v2\/pages\/846\/revisions"}],"predecessor-version":[{"id":848,"href":"https:\/\/asutech.vn\/vi\/wp-json\/wp\/v2\/pages\/846\/revisions\/848"}],"wp:attachment":[{"href":"https:\/\/asutech.vn\/vi\/wp-json\/wp\/v2\/media?parent=846"}],"curies":[{"name":"wp","href":"https:\/\/api.w.org\/{rel}","templated":true}]}}